{"id":151,"date":"2026-05-01T12:05:02","date_gmt":"2026-05-01T12:05:02","guid":{"rendered":"https:\/\/tiinantori.fi\/?page_id=151"},"modified":"2026-05-01T13:32:09","modified_gmt":"2026-05-01T13:32:09","slug":"peruuttaminen","status":"publish","type":"page","link":"https:\/\/tiinantori.fi\/?page_id=151","title":{"rendered":"Peruutus- ja palautuslomake"},"content":{"rendered":"\t<div class=\"tt-withdrawal-box\">\n\t\t<div class=\"tt-withdrawal-intro\">\n\t\t\t<h2>Peruuta tilaus \/ k\u00e4yt\u00e4 peruuttamisoikeutta<\/h2>\n\t\t\t<p>T\u00e4ll\u00e4 lomakkeella voit ilmoittaa, ett\u00e4 haluat k\u00e4ytt\u00e4\u00e4 kuluttajan lakis\u00e4\u00e4teist\u00e4 peruuttamisoikeutta. T\u00e4yt\u00e4 tilausnumero ja tilauksessa k\u00e4ytetty s\u00e4hk\u00f6postiosoite, jotta l\u00f6yd\u00e4mme tilauksen.<\/p>\n\t\t\t<ul class=\"tt-withdrawal-requirements\">\n\t\t\t\t<li>Vahvistus peruuttamisilmoituksen vastaanottamisesta l\u00e4hetet\u00e4\u00e4n antamaasi s\u00e4hk\u00f6postiosoitteeseen.<\/li>\n\t\t\t\t<li>Voit peruuttaa koko tilauksen tai ilmoittaa lis\u00e4tiedoissa, mitk\u00e4 tuotteet haluat peruuttaa.<\/li>\n\t\t\t\t<li>Peruuttamisilmoitus vahvistetaan ennen l\u00e4hett\u00e4mist\u00e4 lomakkeen alareunassa.<\/li>\n\t\t\t<\/ul>\n\t\t\t<p class=\"tt-withdrawal-note\">Huom. t\u00e4m\u00e4 ei ole reklamaatio- tai takuulomake. Tuotteen palautusohjeet toimitetaan erikseen, jos peruutus koskee jo toimitettua tilausta.<\/p>\n\t\t<\/div>\n\n\t\t<form class=\"tt-withdrawal-form\" method=\"post\">\n\t\t\t<input type=\"hidden\" id=\"tt_withdrawal_nonce\" name=\"tt_withdrawal_nonce\" value=\"28be8183a1\" \/><input type=\"hidden\" name=\"_wp_http_referer\" value=\"\/index.php?rest_route=%2Fwp%2Fv2%2Fpages%2F151\" \/>\n\t\t\t<div class=\"tt-form-grid\">\n\t\t\t\t<p class=\"form-row\">\n\t\t\t\t\t<label for=\"tt_order_id\">Tilausnumero <span>*<\/span><\/label>\n\t\t\t\t\t<input id=\"tt_order_id\" name=\"tt_order_id\" type=\"text\" required value=\"\" placeholder=\"Esim. 1234\" \/>\n\t\t\t\t<\/p>\n\n\t\t\t\t<p class=\"form-row\">\n\t\t\t\t\t<label for=\"tt_email\">Tilauksessa k\u00e4ytetty s\u00e4hk\u00f6posti \/ vahvistuksen vastaanottaja <span>*<\/span><\/label>\n\t\t\t\t\t<input id=\"tt_email\" name=\"tt_email\" type=\"email\" required value=\"\" placeholder=\"sahkoposti@example.fi\" \/>\n\t\t\t\t<\/p>\n\n\t\t\t\t<p class=\"form-row\">\n\t\t\t\t\t<label for=\"tt_name\">Nimi <span>*<\/span><\/label>\n\t\t\t\t\t<input id=\"tt_name\" name=\"tt_name\" type=\"text\" required value=\"\" \/>\n\t\t\t\t<\/p>\n\n\t\t\t\t<p class=\"form-row\">\n\t\t\t\t\t<label for=\"tt_phone\">Puhelinnumero<\/label>\n\t\t\t\t\t<input id=\"tt_phone\" name=\"tt_phone\" type=\"text\" value=\"\" \/>\n\t\t\t\t<\/p>\n\t\t\t<\/div>\n\n\t\t\t<p class=\"form-row\">\n\t\t\t\t<label for=\"tt_items\">Peruutan <span>*<\/span><\/label>\n\t\t\t\t<select id=\"tt_items\" name=\"tt_items\" required>\n\t\t\t\t\t<option value=\"Koko tilaus\">Koko tilauksen<\/option>\n\t\t\t\t\t<option value=\"Osa tilauksesta\">Osan tilauksesta<\/option>\n\t\t\t\t<\/select>\n\t\t\t<\/p>\n\n\t\t\t<p class=\"form-row\">\n\t\t\t\t<label for=\"tt_message\">Lis\u00e4tiedot \/ peruutettavat tuotteet<\/label>\n\t\t\t\t<textarea id=\"tt_message\" name=\"tt_message\" rows=\"5\" placeholder=\"Jos peruutat vain osan tilauksesta, kirjoita t\u00e4h\u00e4n peruutettavat tuotteet.\"><\/textarea>\n\t\t\t<\/p>\n\n\t\t\t<p class=\"form-row tt-checkbox-row\">\n\t\t\t\t<label>\n\t\t\t\t\t<input type=\"checkbox\" name=\"tt_confirm\" value=\"1\" required \/>\n\t\t\t\t\tVahvistan, ett\u00e4 haluan l\u00e4hett\u00e4\u00e4 peruuttamisilmoituksen ja k\u00e4ytt\u00e4\u00e4 peruuttamisoikeutta t\u00e4m\u00e4n tilauksen osalta.\n\t\t\t\t<\/label>\n\t\t\t<\/p>\n\n\t\t\t<p class=\"form-row\">\n\t\t\t\t<button type=\"submit\" name=\"tt_withdrawal_submit\" value=\"1\" class=\"button\">L\u00e4het\u00e4 peruuttamisilmoitus<\/button>\n\t\t\t<\/p>\n\t\t<\/form>\n\t<\/div>\n\t\n","protected":false},"excerpt":{"rendered":"","protected":false},"author":1,"featured_media":0,"parent":0,"menu_order":0,"comment_status":"closed","ping_status":"closed","template":"","meta":{"site-sidebar-layout":"default","site-content-layout":"","ast-site-content-layout":"default","site-content-style":"default","site-sidebar-style":"default","ast-global-header-display":"","ast-banner-title-visibility":"","ast-main-header-display":"","ast-hfb-above-header-display":"","ast-hfb-below-header-display":"","ast-hfb-mobile-header-display":"","site-post-title":"","ast-breadcrumbs-content":"","ast-featured-img":"","footer-sml-layout":"","ast-disable-related-posts":"","theme-transparent-header-meta":"","adv-header-id-meta":"","stick-header-meta":"","header-above-stick-meta":"","header-main-stick-meta":"","header-below-stick-meta":"","astra-migrate-meta-layouts":"default","ast-page-background-enabled":"default","ast-page-background-meta":{"desktop":{"background-color":"var(--ast-global-color-5)","background-image":"","background-repeat":"repeat","background-position":"center center","background-size":"auto","background-attachment":"scroll","background-type":"","background-media":"","overlay-type":"","overlay-color":"","overlay-opacity":"","overlay-gradient":""},"tablet":{"background-color":"","background-image":"","background-repeat":"repeat","background-position":"center center","background-size":"auto","background-attachment":"scroll","background-type":"","background-media":"","overlay-type":"","overlay-color":"","overlay-opacity":"","overlay-gradient":""},"mobile":{"background-color":"","background-image":"","background-repeat":"repeat","background-position":"center center","background-size":"auto","background-attachment":"scroll","background-type":"","background-media":"","overlay-type":"","overlay-color":"","overlay-opacity":"","overlay-gradient":""}},"ast-content-background-meta":{"desktop":{"background-color":"var(--ast-global-color-4)","background-image":"","background-repeat":"repeat","background-position":"center center","background-size":"auto","background-attachment":"scroll","background-type":"","background-media":"","overlay-type":"","overlay-color":"","overlay-opacity":"","overlay-gradient":""},"tablet":{"background-color":"var(--ast-global-color-4)","background-image":"","background-repeat":"repeat","background-position":"center center","background-size":"auto","background-attachment":"scroll","background-type":"","background-media":"","overlay-type":"","overlay-color":"","overlay-opacity":"","overlay-gradient":""},"mobile":{"background-color":"var(--ast-global-color-4)","background-image":"","background-repeat":"repeat","background-position":"center center","background-size":"auto","background-attachment":"scroll","background-type":"","background-media":"","overlay-type":"","overlay-color":"","overlay-opacity":"","overlay-gradient":""}},"footnotes":""},"class_list":["post-151","page","type-page","status-publish","hentry"],"_links":{"self":[{"href":"https:\/\/tiinantori.fi\/index.php?rest_route=\/wp\/v2\/pages\/151","targetHints":{"allow":["GET"]}}],"collection":[{"href":"https:\/\/tiinantori.fi\/index.php?rest_route=\/wp\/v2\/pages"}],"about":[{"href":"https:\/\/tiinantori.fi\/index.php?rest_route=\/wp\/v2\/types\/page"}],"author":[{"embeddable":true,"href":"https:\/\/tiinantori.fi\/index.php?rest_route=\/wp\/v2\/users\/1"}],"replies":[{"embeddable":true,"href":"https:\/\/tiinantori.fi\/index.php?rest_route=%2Fwp%2Fv2%2Fcomments&post=151"}],"version-history":[{"count":3,"href":"https:\/\/tiinantori.fi\/index.php?rest_route=\/wp\/v2\/pages\/151\/revisions"}],"predecessor-version":[{"id":163,"href":"https:\/\/tiinantori.fi\/index.php?rest_route=\/wp\/v2\/pages\/151\/revisions\/163"}],"wp:attachment":[{"href":"https:\/\/tiinantori.fi\/index.php?rest_route=%2Fwp%2Fv2%2Fmedia&parent=151"}],"curies":[{"name":"wp","href":"https:\/\/api.w.org\/{rel}","templated":true}]}}