{"id":143,"date":"2026-05-01T10:38:33","date_gmt":"2026-05-01T10:38:33","guid":{"rendered":"https:\/\/tiinantori.fi\/?page_id=143"},"modified":"2026-05-01T13:35:27","modified_gmt":"2026-05-01T13:35:27","slug":"yhteystiedot","status":"publish","type":"page","link":"https:\/\/tiinantori.fi\/?page_id=143","title":{"rendered":"Yhteystiedot"},"content":{"rendered":"<p data-start=\"95\" data-end=\"267\">Ota yhteytt\u00e4 TiinanTori.fi-asiakaspalveluun, jos sinulla on kysytt\u00e4v\u00e4\u00e4 tilauksista, toimituksista, palautuksista, tuotteista tai muista verkkokauppaan liittyvist\u00e4 asioista.<\/p>\n<h2 data-section-id=\"u2l9m9\" data-start=\"269\" data-end=\"286\">Asiakaspalvelu<\/h2>\n<p data-start=\"288\" data-end=\"395\"><strong data-start=\"288\" data-end=\"328\">TiinanTori.fi<\/strong><br data-start=\"328\" data-end=\"331\" \/><strong data-start=\"331\" data-end=\"346\">S\u00e4hk\u00f6posti:<\/strong> <a class=\"decorated-link cursor-pointer\" rel=\"noopener\" data-start=\"347\" data-end=\"367\">myynti@tiinantori.fi<\/a><br data-start=\"367\" data-end=\"370\" \/><strong data-start=\"370\" data-end=\"382\">Puhelin:<\/strong> 040 353 7875<\/p>\n<p data-start=\"397\" data-end=\"453\">Pyrimme vastaamaan yhteydenottoihin mahdollisimman pian.<\/p>\n<h2 data-section-id=\"1pcpc4e\" data-start=\"455\" data-end=\"474\">Yrityksen tiedot<\/h2>\n<p data-start=\"476\" data-end=\"632\"><strong data-start=\"476\" data-end=\"500\">Kolarin Liiketalo Oy<\/strong><br data-start=\"500\" data-end=\"503\" \/><strong data-start=\"503\" data-end=\"516\">Y-tunnus:<\/strong> 0191469-9<br data-start=\"526\" data-end=\"529\" \/><strong data-start=\"529\" data-end=\"540\">Osoite:<\/strong> Hallitie 1<br data-start=\"551\" data-end=\"554\" \/><strong data-start=\"554\" data-end=\"585\">Postinumero ja toimipaikka:<\/strong> 95900 Kolari<br data-start=\"598\" data-end=\"601\" \/><strong data-start=\"601\" data-end=\"618\">Verkkokauppa:<\/strong> TiinanTori.fi<\/p>\n<h2 data-section-id=\"yiepdr\" data-start=\"634\" data-end=\"660\">Myym\u00e4l\u00e4t ja noutopaikat<\/h2>\n<p data-start=\"662\" data-end=\"714\"><strong data-start=\"662\" data-end=\"684\">TiinanTori Kittil\u00e4<\/strong><br data-start=\"684\" data-end=\"687\" \/>Valtatie 37<br data-start=\"698\" data-end=\"701\" \/>99100 Kittil\u00e4<\/p>\n<p data-start=\"662\" data-end=\"714\">Puhelinnumero: 0401529950<\/p>\n<p data-start=\"716\" data-end=\"765\"><strong data-start=\"716\" data-end=\"737\">TiinanTori Kolari<\/strong><br data-start=\"737\" data-end=\"740\" \/>Hallitie 1<br data-start=\"750\" data-end=\"753\" \/>95900 Kolari<\/p>\n<p data-start=\"716\" data-end=\"765\">Puhelinnumero: 0403537875<\/p>\n<p data-start=\"767\" data-end=\"815\"><strong data-start=\"767\" data-end=\"787\">TiinanTori Pello<\/strong><br data-start=\"787\" data-end=\"790\" \/>Pellontie 1<br data-start=\"801\" data-end=\"804\" \/>95700 Pello<\/p>\n<p data-start=\"767\" data-end=\"815\">Puhelinnumero: 0401529952<\/p>\n<h2 data-section-id=\"1d2xkep\" data-start=\"817\" data-end=\"857\">Tilaukset, toimitukset ja palautukset<\/h2>\n<p data-start=\"859\" data-end=\"955\">Tilauksiin, toimituksiin ja palautuksiin liittyviss\u00e4 asioissa voit ottaa yhteytt\u00e4 s\u00e4hk\u00f6postitse:<\/p>\n<p data-start=\"957\" data-end=\"981\"><strong data-start=\"957\" data-end=\"981\"><a class=\"decorated-link cursor-pointer\" rel=\"noopener\" data-start=\"959\" data-end=\"979\">myynti@tiinantori.fi<\/a><\/strong><\/p>\n<p data-start=\"983\" data-end=\"1085\">Ilmoitathan viestiss\u00e4si mahdollisuuksien mukaan tilausnumeron, jotta voimme k\u00e4sitell\u00e4 asian nopeammin.<\/p>\n<h2 data-section-id=\"1324g7z\" data-start=\"1087\" data-end=\"1102\">Reklamaatiot<\/h2>\n<p data-start=\"1104\" data-end=\"1232\">Jos olet saanut v\u00e4\u00e4r\u00e4n, viallisen tai kuljetuksessa vaurioituneen tuotteen, ota yhteytt\u00e4 asiakaspalveluumme mahdollisimman pian.<\/p>\n<p data-start=\"1234\" data-end=\"1254\">Liit\u00e4 reklamaatioon:<\/p>\n<ul data-start=\"1256\" data-end=\"1349\">\n<li data-section-id=\"19azy9c\" data-start=\"1256\" data-end=\"1270\">tilausnumero<\/li>\n<li data-section-id=\"n7n4ua\" data-start=\"1271\" data-end=\"1290\">kuvaus ongelmasta<\/li>\n<li data-section-id=\"1m1hmo0\" data-start=\"1291\" data-end=\"1349\">kuvat tuotteesta ja pakkauksesta, jos kyseess\u00e4 on vaurio<\/li>\n<\/ul>\n<p data-start=\"1351\" data-end=\"1390\">Reklamaatiot voi l\u00e4hett\u00e4\u00e4 osoitteeseen:<\/p>\n<p data-start=\"1392\" data-end=\"1416\"><strong data-start=\"1392\" data-end=\"1416\"><a class=\"decorated-link cursor-pointer\" rel=\"noopener\" data-start=\"1394\" data-end=\"1414\">myynti@tiinantori.fi<\/a><\/strong><\/p>\n","protected":false},"excerpt":{"rendered":"<p>Ota yhteytt\u00e4 TiinanTori.fi-asiakaspalveluun, jos sinulla on kysytt\u00e4v\u00e4\u00e4 tilauksista, toimituksista, palautuksista, tuotteista tai muista verkkokauppaan liittyvist\u00e4 asioista. Asiakaspalvelu TiinanTori.fiS\u00e4hk\u00f6posti: myynti@tiinantori.fiPuhelin: 040 [&hellip;]<\/p>\n","protected":false},"author":1,"featured_media":0,"parent":0,"menu_order":0,"comment_status":"closed","ping_status":"closed","template":"","meta":{"site-sidebar-layout":"default","site-content-layout":"","ast-site-content-layout":"default","site-content-style":"default","site-sidebar-style":"default","ast-global-header-display":"","ast-banner-title-visibility":"","ast-main-header-display":"","ast-hfb-above-header-display":"","ast-hfb-below-header-display":"","ast-hfb-mobile-header-display":"","site-post-title":"","ast-breadcrumbs-content":"","ast-featured-img":"","footer-sml-layout":"","ast-disable-related-posts":"","theme-transparent-header-meta":"","adv-header-id-meta":"","stick-header-meta":"","header-above-stick-meta":"","header-main-stick-meta":"","header-below-stick-meta":"","astra-migrate-meta-layouts":"default","ast-page-background-enabled":"default","ast-page-background-meta":{"desktop":{"background-color":"var(--ast-global-color-5)","background-image":"","background-repeat":"repeat","background-position":"center center","background-size":"auto","background-attachment":"scroll","background-type":"","background-media":"","overlay-type":"","overlay-color":"","overlay-opacity":"","overlay-gradient":""},"tablet":{"background-color":"","background-image":"","background-repeat":"repeat","background-position":"center center","background-size":"auto","background-attachment":"scroll","background-type":"","background-media":"","overlay-type":"","overlay-color":"","overlay-opacity":"","overlay-gradient":""},"mobile":{"background-color":"","background-image":"","background-repeat":"repeat","background-position":"center center","background-size":"auto","background-attachment":"scroll","background-type":"","background-media":"","overlay-type":"","overlay-color":"","overlay-opacity":"","overlay-gradient":""}},"ast-content-background-meta":{"desktop":{"background-color":"var(--ast-global-color-4)","background-image":"","background-repeat":"repeat","background-position":"center center","background-size":"auto","background-attachment":"scroll","background-type":"","background-media":"","overlay-type":"","overlay-color":"","overlay-opacity":"","overlay-gradient":""},"tablet":{"background-color":"var(--ast-global-color-4)","background-image":"","background-repeat":"repeat","background-position":"center center","background-size":"auto","background-attachment":"scroll","background-type":"","background-media":"","overlay-type":"","overlay-color":"","overlay-opacity":"","overlay-gradient":""},"mobile":{"background-color":"var(--ast-global-color-4)","background-image":"","background-repeat":"repeat","background-position":"center center","background-size":"auto","background-attachment":"scroll","background-type":"","background-media":"","overlay-type":"","overlay-color":"","overlay-opacity":"","overlay-gradient":""}},"footnotes":""},"class_list":["post-143","page","type-page","status-publish","hentry"],"_links":{"self":[{"href":"https:\/\/tiinantori.fi\/index.php?rest_route=\/wp\/v2\/pages\/143","targetHints":{"allow":["GET"]}}],"collection":[{"href":"https:\/\/tiinantori.fi\/index.php?rest_route=\/wp\/v2\/pages"}],"about":[{"href":"https:\/\/tiinantori.fi\/index.php?rest_route=\/wp\/v2\/types\/page"}],"author":[{"embeddable":true,"href":"https:\/\/tiinantori.fi\/index.php?rest_route=\/wp\/v2\/users\/1"}],"replies":[{"embeddable":true,"href":"https:\/\/tiinantori.fi\/index.php?rest_route=%2Fwp%2Fv2%2Fcomments&post=143"}],"version-history":[{"count":1,"href":"https:\/\/tiinantori.fi\/index.php?rest_route=\/wp\/v2\/pages\/143\/revisions"}],"predecessor-version":[{"id":164,"href":"https:\/\/tiinantori.fi\/index.php?rest_route=\/wp\/v2\/pages\/143\/revisions\/164"}],"wp:attachment":[{"href":"https:\/\/tiinantori.fi\/index.php?rest_route=%2Fwp%2Fv2%2Fmedia&parent=143"}],"curies":[{"name":"wp","href":"https:\/\/api.w.org\/{rel}","templated":true}]}}